{"id":3066,"date":"2025-02-10T16:51:26","date_gmt":"2025-02-10T22:51:26","guid":{"rendered":"https:\/\/allende637.mx\/?page_id=3066"},"modified":"2025-02-11T11:20:20","modified_gmt":"2025-02-11T17:20:20","slug":"profesorado","status":"publish","type":"page","link":"https:\/\/allende637.mx\/?page_id=3066","title":{"rendered":"Profesorado"},"content":{"rendered":"\n<p><a href=\"https:\/\/allende637.mx\/?page_id=3079\" data-type=\"page\" data-id=\"3079\">Adriana L\u00f3pez | DIBUJO Y PINTURA INFANTIL<\/a><\/p>\n\n\n\n<p><a href=\"https:\/\/allende637.mx\/?page_id=3075\" data-type=\"page\" data-id=\"3075\">Carolina Bremauntz | CANTO<\/a><\/p>\n\n\n\n<p><a href=\"https:\/\/allende637.mx\/?page_id=3084\" data-type=\"page\" data-id=\"3084\">Cecilia Torres | CORO y SOLFEO<\/a><\/p>\n\n\n\n<p><a href=\"https:\/\/allende637.mx\/?page_id=3087\" data-type=\"page\" data-id=\"3087\">David Ram\u00edrez | FLAUTA<\/a><\/p>\n\n\n\n<p><a href=\"https:\/\/allende637.mx\/?page_id=3090\" data-type=\"page\" data-id=\"3090\">H\u00e9ctor Cruz | GUITARRA<\/a><\/p>\n\n\n\n<p><a href=\"https:\/\/allende637.mx\/?page_id=3105\" data-type=\"page\" data-id=\"3105\">Ra\u00fal Moreno | VIOL\u00cdN<\/a><\/p>\n\n\n\n<p><a href=\"https:\/\/allende637.mx\/?page_id=3102\" data-type=\"page\" data-id=\"3102\">Heriberto Cruz | PIANO<\/a><\/p>\n\n\n\n<p><a href=\"https:\/\/allende637.mx\/?page_id=3108\" data-type=\"page\" data-id=\"3108\">Rigel Miravete | PIANO E INICIACI\u00d3N MUSICAL<\/a><\/p>\n\n\n\n<p><a href=\"https:\/\/allende637.mx\/?page_id=3112\" data-type=\"page\" data-id=\"3112\">Valentina Villegas | PIANO<\/a><\/p>\n","protected":false},"excerpt":{"rendered":"<p>Adriana L\u00f3pez | DIBUJO Y PINTURA INFANTIL Carolina Bremauntz | CANTO Cecilia Torres | CORO y SOLFEO David Ram\u00edrez | FLAUTA H\u00e9ctor Cruz | GUITARRA Ra\u00fal Moreno | VIOL\u00cdN Heriberto Cruz | PIANO Rigel Miravete | PIANO E INICIACI\u00d3N MUSICAL Valentina Villegas | PIANO<\/p>\n","protected":false},"author":1,"featured_media":0,"parent":0,"menu_order":0,"comment_status":"closed","ping_status":"closed","template":"","meta":{"_acf_changed":false,"footnotes":""},"class_list":["post-3066","page","type-page","status-publish","hentry"],"acf":[],"_links":{"self":[{"href":"https:\/\/allende637.mx\/index.php?rest_route=\/wp\/v2\/pages\/3066","targetHints":{"allow":["GET"]}}],"collection":[{"href":"https:\/\/allende637.mx\/index.php?rest_route=\/wp\/v2\/pages"}],"about":[{"href":"https:\/\/allende637.mx\/index.php?rest_route=\/wp\/v2\/types\/page"}],"author":[{"embeddable":true,"href":"https:\/\/allende637.mx\/index.php?rest_route=\/wp\/v2\/users\/1"}],"replies":[{"embeddable":true,"href":"https:\/\/allende637.mx\/index.php?rest_route=%2Fwp%2Fv2%2Fcomments&post=3066"}],"version-history":[{"count":3,"href":"https:\/\/allende637.mx\/index.php?rest_route=\/wp\/v2\/pages\/3066\/revisions"}],"predecessor-version":[{"id":3120,"href":"https:\/\/allende637.mx\/index.php?rest_route=\/wp\/v2\/pages\/3066\/revisions\/3120"}],"wp:attachment":[{"href":"https:\/\/allende637.mx\/index.php?rest_route=%2Fwp%2Fv2%2Fmedia&parent=3066"}],"curies":[{"name":"wp","href":"https:\/\/api.w.org\/{rel}","templated":true}]}}