{"id":3084,"date":"2025-02-10T20:42:06","date_gmt":"2025-02-11T02:42:06","guid":{"rendered":"https:\/\/allende637.mx\/?page_id=3084"},"modified":"2025-02-10T21:02:40","modified_gmt":"2025-02-11T03:02:40","slug":"cecilia-torres-ayala-coro","status":"publish","type":"page","link":"https:\/\/allende637.mx\/?page_id=3084","title":{"rendered":"Cecilia Torres Ayala | CORO Y SOLFEO"},"content":{"rendered":"\n<p>Directora coral y arreglista, estudi\u00f3 la Licenciatura en Direcci\u00f3n Coral bajo la tutela del Mtro. Manuel Torres Cos\u00edo en la FPBA de la UMSNH. Dentro del \u00e1mbito coral ha formado parte de numerosos ensambles con los que ha participado en eventos nacionales e internacionales. Dirigiendo agrupaciones de distintos estilos y formatos, destaca su concierto de titulaci\u00f3n <em>Epoj\u00e9 <\/em>en 2022, <em>Jazzeando<\/em> en 2023, <em>La S\u00ednfon\u00eda de los Salmos de \u00cdgor Stravinsky<\/em> y <em>A Little Jazz Concert: m\u00fasica de Bob Chilcott<\/em> en 2024. En su desempe\u00f1o como arreglista se ha enfocado en explorar diferentes corrientes musicales, especialmente en la creaci\u00f3n de arreglos de jazz para ensambles vocales. <\/p>\n\n\n\n<p>Es directora del <em>Coro del Centro Cultural Allende 637<\/em>,<em> Los Barberos de Cecilia<\/em>, ensamble vocal de jazz y <em>Barbershop<\/em>, conformado por voces masculinas. Como docente, ha trabajado en diversos \u00e1mbitos de la ense\u00f1anza musical, incluyendo coro infantil, solfeo y, actualmente, composici\u00f3n en la carrera de M\u00fasica y Tecnolog\u00eda Aplicada (MyTA) en la UNAM, ENES, Morelia.<\/p>\n\n\n\n<figure class=\"wp-block-image size-large\"><img loading=\"lazy\" decoding=\"async\" width=\"1024\" height=\"683\" src=\"https:\/\/allende637.mx\/wp-content\/uploads\/2025\/02\/Cecilia-Torres-1024x683.jpeg\" alt=\"\" class=\"wp-image-3085\" srcset=\"https:\/\/allende637.mx\/wp-content\/uploads\/2025\/02\/Cecilia-Torres-1024x683.jpeg 1024w, https:\/\/allende637.mx\/wp-content\/uploads\/2025\/02\/Cecilia-Torres-300x200.jpeg 300w, https:\/\/allende637.mx\/wp-content\/uploads\/2025\/02\/Cecilia-Torres-768x512.jpeg 768w, https:\/\/allende637.mx\/wp-content\/uploads\/2025\/02\/Cecilia-Torres-1536x1024.jpeg 1536w, https:\/\/allende637.mx\/wp-content\/uploads\/2025\/02\/Cecilia-Torres-2048x1365.jpeg 2048w, https:\/\/allende637.mx\/wp-content\/uploads\/2025\/02\/Cecilia-Torres-1140x760.jpeg 1140w\" sizes=\"auto, (max-width: 1024px) 100vw, 1024px\" \/><\/figure>\n","protected":false},"excerpt":{"rendered":"<p>Directora coral y arreglista, estudi\u00f3 la Licenciatura en Direcci\u00f3n Coral bajo la tutela del Mtro. Manuel Torres Cos\u00edo en la FPBA de la UMSNH. Dentro del \u00e1mbito coral ha formado parte de numerosos ensambles con los que ha participado en eventos nacionales e internacionales. Dirigiendo agrupaciones de distintos estilos y formatos, destaca su concierto de titulaci\u00f3n Epoj\u00e9 en 2022, Jazzeando en 2023, La S\u00ednfon\u00eda de los Salmos de \u00cdgor Stravinsky y A Little Jazz Concert: m\u00fasica de Bob Chilcott en 2024. En su desempe\u00f1o como arreglista se ha enfocado en explorar diferentes corrientes musicales, especialmente en la creaci\u00f3n de arreglos de jazz para ensambles vocales. Es directora del Coro del Centro Cultural Allende 637, Los Barberos de Cecilia, ensamble vocal de jazz y Barbershop, conformado por voces masculinas. Como docente, ha trabajado en diversos \u00e1mbitos de la ense\u00f1anza musical, incluyendo coro infantil, solfeo y, actualmente, composici\u00f3n en la carrera de M\u00fasica y Tecnolog\u00eda Aplicada (MyTA) en la UNAM, ENES, Morelia.<\/p>\n","protected":false},"author":1,"featured_media":0,"parent":0,"menu_order":0,"comment_status":"closed","ping_status":"closed","template":"","meta":{"_acf_changed":false,"footnotes":""},"class_list":["post-3084","page","type-page","status-publish","hentry"],"acf":[],"_links":{"self":[{"href":"https:\/\/allende637.mx\/index.php?rest_route=\/wp\/v2\/pages\/3084","targetHints":{"allow":["GET"]}}],"collection":[{"href":"https:\/\/allende637.mx\/index.php?rest_route=\/wp\/v2\/pages"}],"about":[{"href":"https:\/\/allende637.mx\/index.php?rest_route=\/wp\/v2\/types\/page"}],"author":[{"embeddable":true,"href":"https:\/\/allende637.mx\/index.php?rest_route=\/wp\/v2\/users\/1"}],"replies":[{"embeddable":true,"href":"https:\/\/allende637.mx\/index.php?rest_route=%2Fwp%2Fv2%2Fcomments&post=3084"}],"version-history":[{"count":2,"href":"https:\/\/allende637.mx\/index.php?rest_route=\/wp\/v2\/pages\/3084\/revisions"}],"predecessor-version":[{"id":3111,"href":"https:\/\/allende637.mx\/index.php?rest_route=\/wp\/v2\/pages\/3084\/revisions\/3111"}],"wp:attachment":[{"href":"https:\/\/allende637.mx\/index.php?rest_route=%2Fwp%2Fv2%2Fmedia&parent=3084"}],"curies":[{"name":"wp","href":"https:\/\/api.w.org\/{rel}","templated":true}]}}