{"id":3087,"date":"2025-02-10T20:43:40","date_gmt":"2025-02-11T02:43:40","guid":{"rendered":"https:\/\/allende637.mx\/?page_id=3087"},"modified":"2025-02-10T20:43:40","modified_gmt":"2025-02-11T02:43:40","slug":"david-ramirez-flauta","status":"publish","type":"page","link":"https:\/\/allende637.mx\/?page_id=3087","title":{"rendered":"David Ram\u00edrez | FLAUTA"},"content":{"rendered":"\n<p>David Ram\u00edrez maestro e int\u00e9rprete de flauta, con experiencia docente que abarca d\u00e9cadas. En sus clases, aborda la ense\u00f1anza de una manera integral especialmente dise\u00f1ada para cumplir con las metas de cada estudiante y expandir y profundizar el amor por la m\u00fasica.&nbsp;<\/p>\n\n\n\n<p>David Ram\u00edrez es Doctor en Artes Musicales por la Universidad de Arizona, con especializaci\u00f3n en pedagog\u00eda musical, as\u00ed como miembro de la Asociaci\u00f3n Suzuki de las Am\u00e9ricas. Durante su carrera ha impartido clases en instituciones como los Semilleros Creativos de Fomento Musical, Northridge School de M\u00e9xico, la Universidad de Arizona, y actualmente es docente de la Universidad Michoacana.&nbsp;<\/p>\n\n\n\n<p>Tambi\u00e9n activo como solista, as\u00ed como en m\u00fasica de c\u00e1mara y orquestal, es miembro del Ensamble Danaus y flautista principal de la Orquesta Filarm\u00f3nica del Tzintzuni. Su disco de Nueva M\u00fasica de C\u00e1mara para Flauta puede escucharse en www.davidramirez.mx.<\/p>\n\n\n\n<figure class=\"wp-block-image size-large\"><img loading=\"lazy\" decoding=\"async\" width=\"1024\" height=\"1024\" src=\"https:\/\/allende637.mx\/wp-content\/uploads\/2025\/02\/David-Ramirez-Retrato-1024x1024.jpg\" alt=\"\" class=\"wp-image-3088\" srcset=\"https:\/\/allende637.mx\/wp-content\/uploads\/2025\/02\/David-Ramirez-Retrato-1024x1024.jpg 1024w, https:\/\/allende637.mx\/wp-content\/uploads\/2025\/02\/David-Ramirez-Retrato-300x300.jpg 300w, https:\/\/allende637.mx\/wp-content\/uploads\/2025\/02\/David-Ramirez-Retrato-150x150.jpg 150w, https:\/\/allende637.mx\/wp-content\/uploads\/2025\/02\/David-Ramirez-Retrato-768x768.jpg 768w, https:\/\/allende637.mx\/wp-content\/uploads\/2025\/02\/David-Ramirez-Retrato-1536x1536.jpg 1536w, https:\/\/allende637.mx\/wp-content\/uploads\/2025\/02\/David-Ramirez-Retrato-2048x2048.jpg 2048w, https:\/\/allende637.mx\/wp-content\/uploads\/2025\/02\/David-Ramirez-Retrato-1140x1140.jpg 1140w, https:\/\/allende637.mx\/wp-content\/uploads\/2025\/02\/David-Ramirez-Retrato-75x75.jpg 75w\" sizes=\"auto, (max-width: 1024px) 100vw, 1024px\" \/><\/figure>\n","protected":false},"excerpt":{"rendered":"<p>David Ram\u00edrez maestro e int\u00e9rprete de flauta, con experiencia docente que abarca d\u00e9cadas. En sus clases, aborda la ense\u00f1anza de una manera integral especialmente dise\u00f1ada para cumplir con las metas de cada estudiante y expandir y profundizar el amor por la m\u00fasica.&nbsp; David Ram\u00edrez es Doctor en Artes Musicales por la Universidad de Arizona, con especializaci\u00f3n en pedagog\u00eda musical, as\u00ed como miembro de la Asociaci\u00f3n Suzuki de las Am\u00e9ricas. Durante su carrera ha impartido clases en instituciones como los Semilleros Creativos de Fomento Musical, Northridge School de M\u00e9xico, la Universidad de Arizona, y actualmente es docente de la Universidad Michoacana.&nbsp; Tambi\u00e9n activo como solista, as\u00ed como en m\u00fasica de c\u00e1mara y orquestal, es miembro del Ensamble Danaus y flautista principal de la Orquesta Filarm\u00f3nica del Tzintzuni. Su disco de Nueva M\u00fasica de C\u00e1mara para Flauta puede escucharse en www.davidramirez.mx.<\/p>\n","protected":false},"author":1,"featured_media":0,"parent":0,"menu_order":0,"comment_status":"closed","ping_status":"closed","template":"","meta":{"_acf_changed":false,"footnotes":""},"class_list":["post-3087","page","type-page","status-publish","hentry"],"acf":[],"_links":{"self":[{"href":"https:\/\/allende637.mx\/index.php?rest_route=\/wp\/v2\/pages\/3087","targetHints":{"allow":["GET"]}}],"collection":[{"href":"https:\/\/allende637.mx\/index.php?rest_route=\/wp\/v2\/pages"}],"about":[{"href":"https:\/\/allende637.mx\/index.php?rest_route=\/wp\/v2\/types\/page"}],"author":[{"embeddable":true,"href":"https:\/\/allende637.mx\/index.php?rest_route=\/wp\/v2\/users\/1"}],"replies":[{"embeddable":true,"href":"https:\/\/allende637.mx\/index.php?rest_route=%2Fwp%2Fv2%2Fcomments&post=3087"}],"version-history":[{"count":1,"href":"https:\/\/allende637.mx\/index.php?rest_route=\/wp\/v2\/pages\/3087\/revisions"}],"predecessor-version":[{"id":3089,"href":"https:\/\/allende637.mx\/index.php?rest_route=\/wp\/v2\/pages\/3087\/revisions\/3089"}],"wp:attachment":[{"href":"https:\/\/allende637.mx\/index.php?rest_route=%2Fwp%2Fv2%2Fmedia&parent=3087"}],"curies":[{"name":"wp","href":"https:\/\/api.w.org\/{rel}","templated":true}]}}