{"id":3108,"date":"2025-02-10T21:02:15","date_gmt":"2025-02-11T03:02:15","guid":{"rendered":"https:\/\/allende637.mx\/?page_id=3108"},"modified":"2025-02-10T21:02:16","modified_gmt":"2025-02-11T03:02:16","slug":"rigel-miravete-piano-e-iniciacion-musical","status":"publish","type":"page","link":"https:\/\/allende637.mx\/?page_id=3108","title":{"rendered":"Rigel Miravete | PIANO E INICIACI\u00d3N MUSICAL"},"content":{"rendered":"\n<p>Egresada con Menci\u00f3n Honor\u00edfica de la Licenciatura en M\u00fasica con especialidad en Piano del Conservatorio de las Rosas y M\u00e1ster en Musicoterapia por la Universidad Internacional de La Rioja.<\/p>\n\n\n\n<p>Tiene en su haber como pianista solista dos participaciones, con la Orquesta de C\u00e1mara del Conservatorio de las Rosas y la Orquesta Sinf\u00f3nica de Michoac\u00e1n, adem\u00e1s de contar con experiencia como pianista repertorista y acompa\u00f1ante con instrumentistas, cantantes y coros.<br>Como docente, ha desarrollado su experiencia en diferentes \u00e1mbitos y abarcando poblaciones diversas; fue formadora en la asignatura de M\u00fasica de la Licenciatura en Educaci\u00f3n Preescolar en el Liceo San Luis de Salvatierra, Gto; se ha desempe\u00f1ado tambi\u00e9n como maestra y tallerista de m\u00fasica en lugares como: Centro de Rehabilitaci\u00f3n Infantil Telet\u00f3n, Centros de Integraci\u00f3n Juvenil, Conservatorio de las Rosas y el Instituto Cultural en Pro de la Mujer y de la Ni\u00f1ez.<br>Actualmente es docente de piano e iniciaci\u00f3n musical en el Centro Cultural Allende 637.<\/p>\n\n\n\n<figure class=\"wp-block-image size-large\"><img loading=\"lazy\" decoding=\"async\" width=\"765\" height=\"1024\" src=\"https:\/\/allende637.mx\/wp-content\/uploads\/2025\/02\/Foto-Rigel-ALLENDE-637-765x1024.jpeg\" alt=\"\" class=\"wp-image-3109\" srcset=\"https:\/\/allende637.mx\/wp-content\/uploads\/2025\/02\/Foto-Rigel-ALLENDE-637-765x1024.jpeg 765w, https:\/\/allende637.mx\/wp-content\/uploads\/2025\/02\/Foto-Rigel-ALLENDE-637-224x300.jpeg 224w, https:\/\/allende637.mx\/wp-content\/uploads\/2025\/02\/Foto-Rigel-ALLENDE-637-768x1028.jpeg 768w, https:\/\/allende637.mx\/wp-content\/uploads\/2025\/02\/Foto-Rigel-ALLENDE-637-1147x1536.jpeg 1147w, https:\/\/allende637.mx\/wp-content\/uploads\/2025\/02\/Foto-Rigel-ALLENDE-637-1530x2048.jpeg 1530w, https:\/\/allende637.mx\/wp-content\/uploads\/2025\/02\/Foto-Rigel-ALLENDE-637-1140x1526.jpeg 1140w, https:\/\/allende637.mx\/wp-content\/uploads\/2025\/02\/Foto-Rigel-ALLENDE-637-scaled.jpeg 1912w\" sizes=\"auto, (max-width: 765px) 100vw, 765px\" \/><\/figure>\n","protected":false},"excerpt":{"rendered":"<p>Egresada con Menci\u00f3n Honor\u00edfica de la Licenciatura en M\u00fasica con especialidad en Piano del Conservatorio de las Rosas y M\u00e1ster en Musicoterapia por la Universidad Internacional de La Rioja. Tiene en su haber como pianista solista dos participaciones, con la Orquesta de C\u00e1mara del Conservatorio de las Rosas y la Orquesta Sinf\u00f3nica de Michoac\u00e1n, adem\u00e1s de contar con experiencia como pianista repertorista y acompa\u00f1ante con instrumentistas, cantantes y coros.Como docente, ha desarrollado su experiencia en diferentes \u00e1mbitos y abarcando poblaciones diversas; fue formadora en la asignatura de M\u00fasica de la Licenciatura en Educaci\u00f3n Preescolar en el Liceo San Luis de Salvatierra, Gto; se ha desempe\u00f1ado tambi\u00e9n como maestra y tallerista de m\u00fasica en lugares como: Centro de Rehabilitaci\u00f3n Infantil Telet\u00f3n, Centros de Integraci\u00f3n Juvenil, Conservatorio de las Rosas y el Instituto Cultural en Pro de la Mujer y de la Ni\u00f1ez.Actualmente es docente de piano e iniciaci\u00f3n musical en el Centro Cultural Allende 637.<\/p>\n","protected":false},"author":1,"featured_media":0,"parent":0,"menu_order":0,"comment_status":"closed","ping_status":"closed","template":"","meta":{"_acf_changed":false,"footnotes":""},"class_list":["post-3108","page","type-page","status-publish","hentry"],"acf":[],"_links":{"self":[{"href":"https:\/\/allende637.mx\/index.php?rest_route=\/wp\/v2\/pages\/3108","targetHints":{"allow":["GET"]}}],"collection":[{"href":"https:\/\/allende637.mx\/index.php?rest_route=\/wp\/v2\/pages"}],"about":[{"href":"https:\/\/allende637.mx\/index.php?rest_route=\/wp\/v2\/types\/page"}],"author":[{"embeddable":true,"href":"https:\/\/allende637.mx\/index.php?rest_route=\/wp\/v2\/users\/1"}],"replies":[{"embeddable":true,"href":"https:\/\/allende637.mx\/index.php?rest_route=%2Fwp%2Fv2%2Fcomments&post=3108"}],"version-history":[{"count":1,"href":"https:\/\/allende637.mx\/index.php?rest_route=\/wp\/v2\/pages\/3108\/revisions"}],"predecessor-version":[{"id":3110,"href":"https:\/\/allende637.mx\/index.php?rest_route=\/wp\/v2\/pages\/3108\/revisions\/3110"}],"wp:attachment":[{"href":"https:\/\/allende637.mx\/index.php?rest_route=%2Fwp%2Fv2%2Fmedia&parent=3108"}],"curies":[{"name":"wp","href":"https:\/\/api.w.org\/{rel}","templated":true}]}}