{"id":3112,"date":"2025-02-10T21:04:54","date_gmt":"2025-02-11T03:04:54","guid":{"rendered":"https:\/\/allende637.mx\/?page_id=3112"},"modified":"2025-02-10T21:04:55","modified_gmt":"2025-02-11T03:04:55","slug":"valentina-villegas-piano","status":"publish","type":"page","link":"https:\/\/allende637.mx\/?page_id=3112","title":{"rendered":"Valentina Villegas | PIANO"},"content":{"rendered":"\n<p>Nacida en Morelia, Michoac\u00e1n en 1999, inici\u00f3 su formaci\u00f3n musical en el Conservatorio de las Rosas a partir de los 6 a\u00f1os con la maestra Yadira L\u00f3pez. En este periodo particip\u00f3 en el Festival Arte Joven y en diversas clases maestras en el estado de Michoac\u00e1n. En bachillerato continu\u00f3 su formaci\u00f3n musical bajo la tutela de la maestra Mar\u00eda Antonieta Rodr\u00edguez Loeza. Fue integrante en la Orquesta Filarm\u00f3nica de Morelia (LAOFIM) bajo la direcci\u00f3n del maestro Marcos Faccio Zanza.<\/p>\n\n\n\n<p>Ha participado en m\u00faltiples ensambles de c\u00e1mara con los que ha ofrecido conciertos en diversos recintos como la Casa de la Cultura y Palacio Clavijero con el programa Noches de Museo. Concluye su formaci\u00f3n acad\u00e9mica a nivel licenciatura en el Conservatorio de las Rosas con el maestro Luis Esteban Cruzaley.<\/p>\n\n\n\n<p>Como maestra de m\u00fasica ha impartido clases de solfeo, coro y piano.<\/p>\n\n\n\n<figure class=\"wp-block-image size-large\"><img loading=\"lazy\" decoding=\"async\" width=\"741\" height=\"1024\" src=\"https:\/\/allende637.mx\/wp-content\/uploads\/2025\/02\/Valentina-Villegas-741x1024.jpeg\" alt=\"\" class=\"wp-image-3113\" srcset=\"https:\/\/allende637.mx\/wp-content\/uploads\/2025\/02\/Valentina-Villegas-741x1024.jpeg 741w, https:\/\/allende637.mx\/wp-content\/uploads\/2025\/02\/Valentina-Villegas-217x300.jpeg 217w, https:\/\/allende637.mx\/wp-content\/uploads\/2025\/02\/Valentina-Villegas-768x1062.jpeg 768w, https:\/\/allende637.mx\/wp-content\/uploads\/2025\/02\/Valentina-Villegas-1111x1536.jpeg 1111w, https:\/\/allende637.mx\/wp-content\/uploads\/2025\/02\/Valentina-Villegas-1481x2048.jpeg 1481w, https:\/\/allende637.mx\/wp-content\/uploads\/2025\/02\/Valentina-Villegas-1140x1576.jpeg 1140w, https:\/\/allende637.mx\/wp-content\/uploads\/2025\/02\/Valentina-Villegas-scaled.jpeg 1852w\" sizes=\"auto, (max-width: 741px) 100vw, 741px\" \/><figcaption class=\"wp-element-caption\">OLYMPUS DIGITAL CAMERA<\/figcaption><\/figure>\n","protected":false},"excerpt":{"rendered":"<p>Nacida en Morelia, Michoac\u00e1n en 1999, inici\u00f3 su formaci\u00f3n musical en el Conservatorio de las Rosas a partir de los 6 a\u00f1os con la maestra Yadira L\u00f3pez. En este periodo particip\u00f3 en el Festival Arte Joven y en diversas clases maestras en el estado de Michoac\u00e1n. En bachillerato continu\u00f3 su formaci\u00f3n musical bajo la tutela de la maestra Mar\u00eda Antonieta Rodr\u00edguez Loeza. Fue integrante en la Orquesta Filarm\u00f3nica de Morelia (LAOFIM) bajo la direcci\u00f3n del maestro Marcos Faccio Zanza. Ha participado en m\u00faltiples ensambles de c\u00e1mara con los que ha ofrecido conciertos en diversos recintos como la Casa de la Cultura y Palacio Clavijero con el programa Noches de Museo. Concluye su formaci\u00f3n acad\u00e9mica a nivel licenciatura en el Conservatorio de las Rosas con el maestro Luis Esteban Cruzaley. Como maestra de m\u00fasica ha impartido clases de solfeo, coro y piano.<\/p>\n","protected":false},"author":1,"featured_media":0,"parent":0,"menu_order":0,"comment_status":"closed","ping_status":"closed","template":"","meta":{"_acf_changed":false,"footnotes":""},"class_list":["post-3112","page","type-page","status-publish","hentry"],"acf":[],"_links":{"self":[{"href":"https:\/\/allende637.mx\/index.php?rest_route=\/wp\/v2\/pages\/3112","targetHints":{"allow":["GET"]}}],"collection":[{"href":"https:\/\/allende637.mx\/index.php?rest_route=\/wp\/v2\/pages"}],"about":[{"href":"https:\/\/allende637.mx\/index.php?rest_route=\/wp\/v2\/types\/page"}],"author":[{"embeddable":true,"href":"https:\/\/allende637.mx\/index.php?rest_route=\/wp\/v2\/users\/1"}],"replies":[{"embeddable":true,"href":"https:\/\/allende637.mx\/index.php?rest_route=%2Fwp%2Fv2%2Fcomments&post=3112"}],"version-history":[{"count":1,"href":"https:\/\/allende637.mx\/index.php?rest_route=\/wp\/v2\/pages\/3112\/revisions"}],"predecessor-version":[{"id":3114,"href":"https:\/\/allende637.mx\/index.php?rest_route=\/wp\/v2\/pages\/3112\/revisions\/3114"}],"wp:attachment":[{"href":"https:\/\/allende637.mx\/index.php?rest_route=%2Fwp%2Fv2%2Fmedia&parent=3112"}],"curies":[{"name":"wp","href":"https:\/\/api.w.org\/{rel}","templated":true}]}}