{"id":344,"date":"2022-01-08T20:35:26","date_gmt":"2022-01-09T02:35:26","guid":{"rendered":"http:\/\/allende637.mx\/?page_id=344"},"modified":"2025-09-01T16:19:45","modified_gmt":"2025-09-01T22:19:45","slug":"juan-vazquez","status":"publish","type":"page","link":"https:\/\/allende637.mx\/?page_id=344","title":{"rendered":"Juan V\u00e1zquez"},"content":{"rendered":"<div class=\"wp-block-image is-style-rounded\">\n<figure class=\"aligncenter size-full\"><img loading=\"lazy\" decoding=\"async\" width=\"174\" height=\"279\" src=\"http:\/\/allende637.mx\/wp-content\/uploads\/2022\/01\/dos2-edited.png\" alt=\"\" class=\"wp-image-527\"\/><\/figure>\n<\/div>\n\n\n<h2 class=\"wp-block-heading\" id=\"presidente-de-allende-637-y-director-de-orquesta\" style=\"font-size:26px\">Vocal | Consejo de Allende 637 y Director de Orquesta<\/h2>\n\n\n\n<p>Compositor y director de orquesta originario de La Piedad, Michoac\u00e1n, recientemente ganador del Primer Premio del Concurso de Composici\u00f3n \u201cArturo M\u00e1rquez\u201d para Orquesta de C\u00e1mara 2021, y director titular de la Orquesta Filarm\u00f3nica del Tzintzuni en Morelia.<\/p>\n\n\n\n<p>Inici\u00f3 sus estudios de piano a los cinco a\u00f1os con el maestro Sa\u00fal Heredia. A los once a\u00f1os ingresa al Conservatorio de las Rosas para continuar con sus estudios de piano, siendo alumno de los maestros Mario Quiroz y Miriam P\u00e9rez Fleitas. A los catorce a\u00f1os inicia sus estudios de composici\u00f3n musical con el Dr. Jorge David Garc\u00eda Castilla, de quien fue alumno entre el 2006 y el 2011, continuando posteriormente de forma casi totalmente autodidacta.<\/p>\n\n\n\n<p>En 2016 egresa con honores de la Escuela Libre de Derecho como abogado, en donde es profesor adjunto de la c\u00e1tedra de Metodolog\u00eda Jur\u00eddica.<\/p>\n\n\n\n<p>Es autor a la fecha de 41 obras musicales, integradas, principalmente, por obras para piano, aunque tambi\u00e9n contempla un amplio repertorio para orquesta y ensambles de c\u00e1mara, en el que destacan dos sinfon\u00edas para cuerdas, as\u00ed como dos obras corales y una para orquesta sinf\u00f3nica.<\/p>\n\n\n\n<p>Destacan en su repertorio sus obras inspiradas en la m\u00fasica tradicional mexicana, a saber: la Sinfon\u00eda para cuerdas no. 1 en Sol menor, \u201cArteaga\u201d, inspirada en los ritmos de la tierra caliente; el Poema Coreogr\u00e1fico \u201cLa Oaxaque\u00f1a\u201d, inspirada en la m\u00fasica mixe e istme\u00f1a de Oaxaca; el \u201cSon de la Tierra\u201d, como parte del Plan Nacional de Reconciliaci\u00f3n con la Naturaleza: y el reciente \u201cNocturno del Pac\u00edfico\u201d, obra ganadora del Concurso de Composici\u00f3n \u201cArturo M\u00e1rquez\u201d para Orquesta de C\u00e1mara 2021, inspirada en la m\u00fasica de las bandas populares y sones de los Estados de Guerrero, Oaxaca y Michoac\u00e1n.<\/p>\n\n\n\n<p>Particip\u00f3 en el Festival de Arte Joven de Morelia, en 2007 como pianista y en 2008 y 2009 presentando obras como compositor. Su m\u00fasica ha sido interpretada por el cuarteto Gori Cort\u00e9s, la Orquesta de C\u00e1mara de la Ciudad de M\u00e9xico, la Camerata Oaxaca, por el Ensamble Danaus, el Ensamble \u201cLa Raza\u201d, y por la Orquesta de Filarm\u00f3nica del Tzintzuni.<\/p>\n\n\n\n<p>Ha presentado sus obras en el Conservatorio de las Rosas, la Galer\u00eda \u201cEl estudio\u201d, el Palacio del Ayuntamiento, el Centro Cultural Clavijero, y en el marco del Festival de M\u00fasica de Morelia \u201cMiguel Bernal Jim\u00e9nez\u201d, por lo que hace a la capital michoacana; en el Museo Nacional de la Acuarela, en el Museo Nacional de San Carlos, en la Escuela Libre de Derecho, en la Biblioteca General del Congreso de la Uni\u00f3n y en el Museo de Arte de la Secretar\u00eda de Hacienda y Cr\u00e9dito P\u00fablico, Palacio del Arzobispado, por lo que hace a recintos en la Ciudad de M\u00e9xico; y en el Museo Belber Jim\u00e9nez y en el Centro Cultural San Pablo, por lo que refiere a la ciudad de Oaxaca; y digitalmente en las redes sociales de la Secretar\u00eda de Cultura del Estado de Michoac\u00e1n, de la Secretar\u00eda de Cultura de Morelia, en el marco del programa #CulturaEnTuCasa, de Radio Nicolaita y de la Comisi\u00f3n Nacional de Derechos Humanos.<\/p>\n\n\n\n<p>En 2018 produce su primer material discogr\u00e1fico con el t\u00edtulo \u201cPrimer Canto del Cenzontle\u201d (disponible en diversas plataformas como Spotify, YouTube, Apple Music), compuesto de obras para piano, siendo que el repertorio que integra el \u00e1lbum se present\u00f3 tambi\u00e9n en el Centro Cultural \u201cLos Pinos\u201d y en la Sala Carlos Ch\u00e1vez del Centro Cultural Universitario de la UNAM, en el marco del Festival Internacional de Piano de la UNAM 2020.<\/p>\n\n\n\n<p>Tambi\u00e9n en 2020 funda en la ciudad de Morelia, bajo el patrocinio de Sala Chopin y el Centro Cultural Allende 637, la Orquesta de C\u00e1mara del Tzintzuni, hoy Orquesta Filarm\u00f3nica del Tzintzuni.<\/p>\n\n\n\n<p>Ha impartido a su vez diversos cursos y conferencias de divulgaci\u00f3n musical en la Universidad de Le\u00f3n, Guanajuato y en la Escuela Libre de Derecho.<\/p>\n\n\n\n<p>Sus obras n\u00famero 30 y 38, <em>Fantas\u00eda para cuarteto de alientos \u201c\u00c9rase una vez una forma sonata\u201d <\/em>y su <em>Quinteto de alientos no. 1,<\/em> fueron propuestas por el \u201cEnsamble Danaus\u201d para participar, dentro de su programa, en los Festivales Aires 2020 y 2021, de la UNAM, respectivamente, foro en el que fueron seleccionadas. Tambi\u00e9n, su <em>Fantas\u00eda para una cl\u00e1sica secci\u00f3n de alientos con contrabajo obligado \u201cEn el sal\u00f3n del trono de las abejas\u201d, JV29, <\/em>fue seleccionada para el concierto virtual de clausura del Encuentro de metales de Quer\u00e9taro 2021. Asimismo, su obra \u201cIntroducci\u00f3n para guitarra\u201d, JV31, fue comisionada y utilizada por la bailarina Elisa P\u00e9rez, para crear una coreograf\u00eda sobre la misma, siendo que la obra resultante \u2013la coreograf\u00eda titulada \u201cAlegor\u00edas\u201d \u2013fue una de las piezas de danza ganadoras en el&nbsp; Encuentro Internacional de Compa\u00f1\u00edas 2021 de Ib\u00e9rica Contempor\u00e1nea. Recientemente su obra n\u00famero 41, el tr\u00edo para flauta, viola y piano \u201cEntrop\u00eda\u201d, fue estrenada por el Ensamble \u201cLa Raza\u201d en el marco de la 37\u00ba edici\u00f3n del Festival \u201cAlfonso Ortiz Tirado\u201d en \u00c1lamos, Sonora.<\/p>\n\n\n\n<p>Actualmente se desempe\u00f1a como Presidente del Consejo Directivo del Centro Cultural Allende 637, y como director titular de la Orquesta Filarm\u00f3nica del Tzintzuni, ensamble con el que ha dirigido ya cuatro temporadas de conciertos virtuales, y habiendo acompa\u00f1ado a grandes solistas como Juli\u00e1n Mart\u00ednez, Jos\u00e9 Luis Herrera, Alexander Pashkov y Luca Chiantore, adem\u00e1s de haber acompa\u00f1ado la final del Concurso Nacional de Piano, Mariano El\u00edzaga 2021.<\/p>\n","protected":false},"excerpt":{"rendered":"<p>Vocal | Consejo de Allende 637 y Director de Orquesta Compositor y director de orquesta originario de La Piedad, Michoac\u00e1n, recientemente ganador del Primer Premio del Concurso de Composici\u00f3n \u201cArturo M\u00e1rquez\u201d para Orquesta de C\u00e1mara 2021, y director titular de la Orquesta Filarm\u00f3nica del Tzintzuni en Morelia. Inici\u00f3 sus estudios de piano a los cinco a\u00f1os con el maestro Sa\u00fal Heredia. A los once a\u00f1os ingresa al Conservatorio de las Rosas para continuar con sus estudios de piano, siendo alumno de los maestros Mario Quiroz y Miriam P\u00e9rez Fleitas. A los catorce a\u00f1os inicia sus estudios de composici\u00f3n musical con el Dr. Jorge David Garc\u00eda Castilla, de quien fue alumno entre el 2006 y el 2011, continuando posteriormente de forma casi totalmente autodidacta. En 2016 egresa con honores de la Escuela Libre de Derecho como abogado, en donde es profesor adjunto de la c\u00e1tedra de Metodolog\u00eda Jur\u00eddica. Es autor a la fecha de 41 obras musicales, integradas, principalmente, por obras para piano, aunque tambi\u00e9n contempla un amplio repertorio para orquesta y ensambles de c\u00e1mara, en el que destacan dos sinfon\u00edas para cuerdas, as\u00ed como dos obras corales y una para orquesta sinf\u00f3nica. Destacan en su repertorio sus obras inspiradas en la m\u00fasica tradicional mexicana, a saber: la Sinfon\u00eda para cuerdas no. 1 en Sol menor, \u201cArteaga\u201d, inspirada en los ritmos de la tierra caliente; el Poema Coreogr\u00e1fico \u201cLa Oaxaque\u00f1a\u201d, inspirada en la m\u00fasica mixe e istme\u00f1a de Oaxaca; el \u201cSon de la Tierra\u201d, como parte del Plan Nacional de Reconciliaci\u00f3n con la Naturaleza: y el reciente \u201cNocturno del Pac\u00edfico\u201d, obra ganadora del Concurso de Composici\u00f3n \u201cArturo M\u00e1rquez\u201d para Orquesta de C\u00e1mara 2021, inspirada en la m\u00fasica de las bandas populares y sones de los Estados de Guerrero, Oaxaca y Michoac\u00e1n. Particip\u00f3 en el Festival de Arte Joven de Morelia, en 2007 como pianista y en 2008 y 2009 presentando obras como compositor. Su m\u00fasica ha sido interpretada por el cuarteto Gori Cort\u00e9s, la Orquesta de C\u00e1mara de la Ciudad de M\u00e9xico, la Camerata Oaxaca, por el Ensamble Danaus, el Ensamble \u201cLa Raza\u201d, y por la Orquesta de Filarm\u00f3nica del Tzintzuni. Ha presentado sus obras en el Conservatorio de las Rosas, la Galer\u00eda \u201cEl estudio\u201d, el Palacio del Ayuntamiento, el Centro Cultural Clavijero, y en el marco del Festival de M\u00fasica de Morelia \u201cMiguel Bernal Jim\u00e9nez\u201d, por lo que hace a la capital michoacana; en el Museo Nacional de la Acuarela, en el Museo Nacional de San Carlos, en la Escuela Libre de Derecho, en la Biblioteca General del Congreso de la Uni\u00f3n y en el Museo de Arte de la Secretar\u00eda de Hacienda y Cr\u00e9dito P\u00fablico, Palacio del Arzobispado, por lo que hace a recintos en la Ciudad de M\u00e9xico; y en el Museo Belber Jim\u00e9nez y en el Centro Cultural San Pablo, por lo que refiere a la ciudad de Oaxaca; y digitalmente en las redes sociales de la Secretar\u00eda de Cultura del Estado de Michoac\u00e1n, de la Secretar\u00eda de Cultura de Morelia, en el marco del programa #CulturaEnTuCasa, de Radio Nicolaita y de la Comisi\u00f3n Nacional de Derechos Humanos. En 2018 produce su primer material discogr\u00e1fico con el t\u00edtulo \u201cPrimer Canto del Cenzontle\u201d (disponible en diversas plataformas como Spotify, YouTube, Apple Music), compuesto de obras para piano, siendo que el repertorio que integra el \u00e1lbum se present\u00f3 tambi\u00e9n en el Centro Cultural \u201cLos Pinos\u201d y en la Sala Carlos Ch\u00e1vez del Centro Cultural Universitario de la UNAM, en el marco del Festival Internacional de Piano de la UNAM 2020. Tambi\u00e9n en 2020 funda en la ciudad de Morelia, bajo el patrocinio de Sala Chopin y el Centro Cultural Allende 637, la Orquesta de C\u00e1mara del Tzintzuni, hoy Orquesta Filarm\u00f3nica del Tzintzuni. Ha impartido a su vez diversos cursos y conferencias de divulgaci\u00f3n musical en la Universidad de Le\u00f3n, Guanajuato y en la Escuela Libre de Derecho. Sus obras n\u00famero 30 y 38, Fantas\u00eda para cuarteto de alientos \u201c\u00c9rase una vez una forma sonata\u201d y su Quinteto de alientos no. 1, fueron propuestas por el \u201cEnsamble Danaus\u201d para participar, dentro de su programa, en los Festivales Aires 2020 y 2021, de la UNAM, respectivamente, foro en el que fueron seleccionadas. Tambi\u00e9n, su Fantas\u00eda para una cl\u00e1sica secci\u00f3n de alientos con contrabajo obligado \u201cEn el sal\u00f3n del trono de las abejas\u201d, JV29, fue seleccionada para el concierto virtual de clausura del Encuentro de metales de Quer\u00e9taro 2021. Asimismo, su obra \u201cIntroducci\u00f3n para guitarra\u201d, JV31, fue comisionada y utilizada por la bailarina Elisa P\u00e9rez, para crear una coreograf\u00eda sobre la misma, siendo que la obra resultante \u2013la coreograf\u00eda titulada \u201cAlegor\u00edas\u201d \u2013fue una de las piezas de danza ganadoras en el&nbsp; Encuentro Internacional de Compa\u00f1\u00edas 2021 de Ib\u00e9rica Contempor\u00e1nea. Recientemente su obra n\u00famero 41, el tr\u00edo para flauta, viola y piano \u201cEntrop\u00eda\u201d, fue estrenada por el Ensamble \u201cLa Raza\u201d en el marco de la 37\u00ba edici\u00f3n del Festival \u201cAlfonso Ortiz Tirado\u201d en \u00c1lamos, Sonora. Actualmente se desempe\u00f1a como Presidente del Consejo Directivo del Centro Cultural Allende 637, y como director titular de la Orquesta Filarm\u00f3nica del Tzintzuni, ensamble con el que ha dirigido ya cuatro temporadas de conciertos virtuales, y habiendo acompa\u00f1ado a grandes solistas como Juli\u00e1n Mart\u00ednez, Jos\u00e9 Luis Herrera, Alexander Pashkov y Luca Chiantore, adem\u00e1s de haber acompa\u00f1ado la final del Concurso Nacional de Piano, Mariano El\u00edzaga 2021.<\/p>\n","protected":false},"author":1,"featured_media":0,"parent":96,"menu_order":0,"comment_status":"closed","ping_status":"closed","template":"","meta":{"_acf_changed":false,"footnotes":""},"class_list":["post-344","page","type-page","status-publish","hentry"],"acf":[],"_links":{"self":[{"href":"https:\/\/allende637.mx\/index.php?rest_route=\/wp\/v2\/pages\/344","targetHints":{"allow":["GET"]}}],"collection":[{"href":"https:\/\/allende637.mx\/index.php?rest_route=\/wp\/v2\/pages"}],"about":[{"href":"https:\/\/allende637.mx\/index.php?rest_route=\/wp\/v2\/types\/page"}],"author":[{"embeddable":true,"href":"https:\/\/allende637.mx\/index.php?rest_route=\/wp\/v2\/users\/1"}],"replies":[{"embeddable":true,"href":"https:\/\/allende637.mx\/index.php?rest_route=%2Fwp%2Fv2%2Fcomments&post=344"}],"version-history":[{"count":7,"href":"https:\/\/allende637.mx\/index.php?rest_route=\/wp\/v2\/pages\/344\/revisions"}],"predecessor-version":[{"id":3419,"href":"https:\/\/allende637.mx\/index.php?rest_route=\/wp\/v2\/pages\/344\/revisions\/3419"}],"up":[{"embeddable":true,"href":"https:\/\/allende637.mx\/index.php?rest_route=\/wp\/v2\/pages\/96"}],"wp:attachment":[{"href":"https:\/\/allende637.mx\/index.php?rest_route=%2Fwp%2Fv2%2Fmedia&parent=344"}],"curies":[{"name":"wp","href":"https:\/\/api.w.org\/{rel}","templated":true}]}}