{"id":51,"date":"2021-12-15T11:28:57","date_gmt":"2021-12-15T17:28:57","guid":{"rendered":"http:\/\/allende637.mx\/?page_id=51"},"modified":"2024-02-16T17:29:31","modified_gmt":"2024-02-16T23:29:31","slug":"quienes-somos","status":"publish","type":"page","link":"https:\/\/allende637.mx\/?page_id=51","title":{"rendered":"\u00bfQui\u00e9nes somos?"},"content":{"rendered":"\n<figure class=\"wp-block-image size-large\"><img loading=\"lazy\" decoding=\"async\" width=\"1024\" height=\"576\" src=\"http:\/\/allende637.mx\/wp-content\/uploads\/2022\/05\/2022-05-17-21-1024x576.png\" alt=\"\" class=\"wp-image-778\" srcset=\"https:\/\/allende637.mx\/wp-content\/uploads\/2022\/05\/2022-05-17-21-1024x576.png 1024w, https:\/\/allende637.mx\/wp-content\/uploads\/2022\/05\/2022-05-17-21-300x169.png 300w, https:\/\/allende637.mx\/wp-content\/uploads\/2022\/05\/2022-05-17-21-768x432.png 768w, https:\/\/allende637.mx\/wp-content\/uploads\/2022\/05\/2022-05-17-21-1536x864.png 1536w, https:\/\/allende637.mx\/wp-content\/uploads\/2022\/05\/2022-05-17-21-1140x641.png 1140w, https:\/\/allende637.mx\/wp-content\/uploads\/2022\/05\/2022-05-17-21.png 1920w\" sizes=\"auto, (max-width: 1024px) 100vw, 1024px\" \/><\/figure>\n\n\n\n<div class=\"wp-block-cover\"><span aria-hidden=\"true\" class=\"wp-block-cover__background has-background-dim\"><\/span><div class=\"wp-block-cover__inner-container is-layout-flow wp-block-cover-is-layout-flow\">\n<div class=\"wp-block-group\"><div class=\"wp-block-group__inner-container is-layout-constrained wp-block-group-is-layout-constrained\">\n<div class=\"wp-block-columns is-layout-flex wp-container-core-columns-is-layout-28f84493 wp-block-columns-is-layout-flex\">\n<div class=\"wp-block-column is-layout-flow wp-block-column-is-layout-flow\"><\/div>\n\n\n\n<div class=\"wp-block-column is-layout-flow wp-block-column-is-layout-flow\"><\/div>\n<\/div>\n<\/div><\/div>\n\n\n\n<figure class=\"wp-block-gallery has-nested-images columns-default is-cropped wp-block-gallery-1 is-layout-flex wp-block-gallery-is-layout-flex\">\n<figure class=\"wp-block-image size-large\"><img loading=\"lazy\" decoding=\"async\" width=\"670\" height=\"1024\" data-id=\"2120\" src=\"https:\/\/allende637.mx\/wp-content\/uploads\/2024\/02\/Allende-637-2-670x1024.jpg\" alt=\"\" class=\"wp-image-2120\" srcset=\"https:\/\/allende637.mx\/wp-content\/uploads\/2024\/02\/Allende-637-2-670x1024.jpg 670w, https:\/\/allende637.mx\/wp-content\/uploads\/2024\/02\/Allende-637-2-196x300.jpg 196w, https:\/\/allende637.mx\/wp-content\/uploads\/2024\/02\/Allende-637-2-768x1174.jpg 768w, https:\/\/allende637.mx\/wp-content\/uploads\/2024\/02\/Allende-637-2-1005x1536.jpg 1005w, https:\/\/allende637.mx\/wp-content\/uploads\/2024\/02\/Allende-637-2-1140x1742.jpg 1140w, https:\/\/allende637.mx\/wp-content\/uploads\/2024\/02\/Allende-637-2.jpg 1340w\" sizes=\"auto, (max-width: 670px) 100vw, 670px\" \/><\/figure>\n\n\n\n<figure class=\"wp-block-image size-large\"><img loading=\"lazy\" decoding=\"async\" width=\"1024\" height=\"673\" data-id=\"2121\" src=\"https:\/\/allende637.mx\/wp-content\/uploads\/2024\/02\/Allende-637-3-1024x673.jpg\" alt=\"\" class=\"wp-image-2121\" srcset=\"https:\/\/allende637.mx\/wp-content\/uploads\/2024\/02\/Allende-637-3-1024x673.jpg 1024w, https:\/\/allende637.mx\/wp-content\/uploads\/2024\/02\/Allende-637-3-300x197.jpg 300w, https:\/\/allende637.mx\/wp-content\/uploads\/2024\/02\/Allende-637-3-768x504.jpg 768w, https:\/\/allende637.mx\/wp-content\/uploads\/2024\/02\/Allende-637-3-1536x1009.jpg 1536w, https:\/\/allende637.mx\/wp-content\/uploads\/2024\/02\/Allende-637-3-1140x749.jpg 1140w, https:\/\/allende637.mx\/wp-content\/uploads\/2024\/02\/Allende-637-3-500x330.jpg 500w, https:\/\/allende637.mx\/wp-content\/uploads\/2024\/02\/Allende-637-3.jpg 2048w\" sizes=\"auto, (max-width: 1024px) 100vw, 1024px\" \/><\/figure>\n\n\n\n<figure class=\"wp-block-image size-large\"><img loading=\"lazy\" decoding=\"async\" width=\"677\" height=\"1024\" data-id=\"2122\" src=\"https:\/\/allende637.mx\/wp-content\/uploads\/2024\/02\/Allende-637-4-677x1024.jpg\" alt=\"\" class=\"wp-image-2122\" srcset=\"https:\/\/allende637.mx\/wp-content\/uploads\/2024\/02\/Allende-637-4-677x1024.jpg 677w, https:\/\/allende637.mx\/wp-content\/uploads\/2024\/02\/Allende-637-4-198x300.jpg 198w, https:\/\/allende637.mx\/wp-content\/uploads\/2024\/02\/Allende-637-4-768x1162.jpg 768w, https:\/\/allende637.mx\/wp-content\/uploads\/2024\/02\/Allende-637-4-1016x1536.jpg 1016w, https:\/\/allende637.mx\/wp-content\/uploads\/2024\/02\/Allende-637-4-1140x1724.jpg 1140w, https:\/\/allende637.mx\/wp-content\/uploads\/2024\/02\/Allende-637-4.jpg 1354w\" sizes=\"auto, (max-width: 677px) 100vw, 677px\" \/><\/figure>\n\n\n\n<figure class=\"wp-block-image size-large\"><img loading=\"lazy\" decoding=\"async\" width=\"677\" height=\"1024\" data-id=\"2123\" src=\"https:\/\/allende637.mx\/wp-content\/uploads\/2024\/02\/Allende-637-1-677x1024.jpg\" alt=\"\" class=\"wp-image-2123\" srcset=\"https:\/\/allende637.mx\/wp-content\/uploads\/2024\/02\/Allende-637-1-677x1024.jpg 677w, https:\/\/allende637.mx\/wp-content\/uploads\/2024\/02\/Allende-637-1-198x300.jpg 198w, https:\/\/allende637.mx\/wp-content\/uploads\/2024\/02\/Allende-637-1-768x1162.jpg 768w, https:\/\/allende637.mx\/wp-content\/uploads\/2024\/02\/Allende-637-1-1016x1536.jpg 1016w, https:\/\/allende637.mx\/wp-content\/uploads\/2024\/02\/Allende-637-1-1140x1724.jpg 1140w, https:\/\/allende637.mx\/wp-content\/uploads\/2024\/02\/Allende-637-1.jpg 1354w\" sizes=\"auto, (max-width: 677px) 100vw, 677px\" \/><\/figure>\n<\/figure>\n<\/div><\/div>\n\n\n\n<h1 class=\"wp-block-heading\">Centro Cultural<\/h1>\n\n\n\n<p>Allende 637, AC es una organizaci\u00f3n sin fines de lucro dedicada apasionadamente a la promoci\u00f3n de las artes, la cultura y el pensamiento, situada en el coraz\u00f3n del Centro Hist\u00f3rico de Morelia, Michoac\u00e1n. Nuestro proyecto principal, el Centro Cultural Allende 637, ocupa una casa se\u00f1orial en la calle Allende, n\u00famero 637, reconocida como Patrimonio de la Humanidad por la UNESCO.<\/p>\n\n\n\n<p>Nuestro centro es un proyecto multidisciplinario que dinamiza la oferta cultural de Morelia con una variedad de proyectos art\u00edsticos, culturales y educativos. Ofrecemos diplomados, talleres y cursos impartidos por especialistas de renombre, dirigidos a todas las edades para la especializaci\u00f3n, profesionalizaci\u00f3n y capacitaci\u00f3n en diversas disciplinas art\u00edsticas y \u00e1reas del pensamiento.<\/p>\n\n\n\n<p>La sala de conciertos \u00abFrancis Poulenc\u00bb, con su excepcional calidad ac\u00fastica, es el escenario de nuestras temporadas regulares de conciertos de c\u00e1mara y galas especiales, con la participaci\u00f3n de m\u00fasicos de renombre. Tambi\u00e9n proporcionamos amplios espacios para la exhibici\u00f3n de artes visuales, con exposiciones regulares que promueven tanto a artistas consolidados como a emergentes, contribuyendo al florecimiento de la escena local de las artes visuales.<\/p>\n\n\n\n<p>La Orquesta Filarm\u00f3nica del Tzintzuni, bajo la direcci\u00f3n del talentoso compositor Juan V\u00e1zquez, es una parte integral de nuestro proyecto, consolid\u00e1ndose como una de las mejores agrupaciones de c\u00e1mara del occidente de M\u00e9xico.<\/p>\n\n\n\n<p>En nuestro constante esfuerzo por ser un centro cultural inclusivo y diverso, contamos con el valioso respaldo de Sala Chopin, estableciendo una alianza s\u00f3lida para enriquecer el panorama cultural y art\u00edstico de la ciudad de Morelia. Trabajamos juntos para fomentar el acceso a la cultura, apoyar a talentos locales y crear un espacio donde el arte florezca y enriquezca la vida de nuestra comunidad.<\/p>\n\n\n\n<p>Nuestro edificio, adem\u00e1s de su imponente arquitectura, est\u00e1 disponible para la renta de espacios, convirti\u00e9ndose en un referente para la realizaci\u00f3n de eventos sociales y culturales en la ciudad.<\/p>\n\n\n\n<p>Para aquellos interesados en utilizar un espacio de nuestro centro cultural para la realizaci\u00f3n de eventos, estamos abiertos a discutir acuerdos y colaboraciones. Contribuir con una donaci\u00f3n para respaldar nuestras actividades es una manera significativa de apoyar el crecimiento continuo de nuestro proyecto y fortalecer el tejido cultural de la regi\u00f3n. \u00a1Estamos ansiosos por colaborar y ser parte de eventos que enriquezcan a\u00fan m\u00e1s nuestro vibrante espacio cultural!<\/p>\n\n\n\n<figure class=\"wp-block-image size-large\"><img loading=\"lazy\" decoding=\"async\" width=\"1024\" height=\"461\" src=\"http:\/\/allende637.mx\/wp-content\/uploads\/2022\/05\/allende-1024x461.jpeg\" alt=\"\" class=\"wp-image-780\" srcset=\"https:\/\/allende637.mx\/wp-content\/uploads\/2022\/05\/allende-1024x461.jpeg 1024w, https:\/\/allende637.mx\/wp-content\/uploads\/2022\/05\/allende-300x135.jpeg 300w, https:\/\/allende637.mx\/wp-content\/uploads\/2022\/05\/allende-768x346.jpeg 768w, https:\/\/allende637.mx\/wp-content\/uploads\/2022\/05\/allende-1536x691.jpeg 1536w, https:\/\/allende637.mx\/wp-content\/uploads\/2022\/05\/allende-1140x513.jpeg 1140w, https:\/\/allende637.mx\/wp-content\/uploads\/2022\/05\/allende.jpeg 1600w\" sizes=\"auto, (max-width: 1024px) 100vw, 1024px\" \/><\/figure>\n\n\n\n<p><style>\/*! elementor - v3.7.4 - 31-08-2022 *\/<br \/>\n.elementor-widget-google_maps .elementor-widget-container{overflow:hidden}.elementor-widget-google_maps iframe{height:300px}<\/style><\/p>\n\n\n\n<p class=\"has-text-align-center\"><iframe title=\"Allende 637, Morelia, Michoac\u00e1n\" src=\"https:\/\/maps.google.com\/maps?q=Allende%20637%2C%20Morelia%2C%20Michoac%C3%A1n&amp;t=m&amp;z=16&amp;output=embed&amp;iwloc=near\" frameborder=\"0\" marginwidth=\"0\" marginheight=\"0\" scrolling=\"no\" aria-label=\"Centro Cultural Allende 637, Morelia, Michoac\u00e1n\"><\/iframe><\/p>\n","protected":false},"excerpt":{"rendered":"<p>Centro Cultural Allende 637, AC es una organizaci\u00f3n sin fines de lucro dedicada apasionadamente a la promoci\u00f3n de las artes, la cultura y el pensamiento, situada en el coraz\u00f3n del Centro Hist\u00f3rico de Morelia, Michoac\u00e1n. Nuestro proyecto principal, el Centro Cultural Allende 637, ocupa una casa se\u00f1orial en la calle Allende, n\u00famero 637, reconocida como Patrimonio de la Humanidad por la UNESCO. Nuestro centro es un proyecto multidisciplinario que dinamiza la oferta cultural de Morelia con una variedad de proyectos art\u00edsticos, culturales y educativos. Ofrecemos diplomados, talleres y cursos impartidos por especialistas de renombre, dirigidos a todas las edades para la especializaci\u00f3n, profesionalizaci\u00f3n y capacitaci\u00f3n en diversas disciplinas art\u00edsticas y \u00e1reas del pensamiento. La sala de conciertos \u00abFrancis Poulenc\u00bb, con su excepcional calidad ac\u00fastica, es el escenario de nuestras temporadas regulares de conciertos de c\u00e1mara y galas especiales, con la participaci\u00f3n de m\u00fasicos de renombre. Tambi\u00e9n proporcionamos amplios espacios para la exhibici\u00f3n de artes visuales, con exposiciones regulares que promueven tanto a artistas consolidados como a emergentes, contribuyendo al florecimiento de la escena local de las artes visuales. La Orquesta Filarm\u00f3nica del Tzintzuni, bajo la direcci\u00f3n del talentoso compositor Juan V\u00e1zquez, es una parte integral de nuestro proyecto, consolid\u00e1ndose como una de las mejores agrupaciones de c\u00e1mara del occidente de M\u00e9xico. En nuestro constante esfuerzo por ser un centro cultural inclusivo y diverso, contamos con el valioso respaldo de Sala Chopin, estableciendo una alianza s\u00f3lida para enriquecer el panorama cultural y art\u00edstico de la ciudad de Morelia. Trabajamos juntos para fomentar el acceso a la cultura, apoyar a talentos locales y crear un espacio donde el arte florezca y enriquezca la vida de nuestra comunidad. Nuestro edificio, adem\u00e1s de su imponente arquitectura, est\u00e1 disponible para la renta de espacios, convirti\u00e9ndose en un referente para la realizaci\u00f3n de eventos sociales y culturales en la ciudad. Para aquellos interesados en utilizar un espacio de nuestro centro cultural para la realizaci\u00f3n de eventos, estamos abiertos a discutir acuerdos y colaboraciones. Contribuir con una donaci\u00f3n para respaldar nuestras actividades es una manera significativa de apoyar el crecimiento continuo de nuestro proyecto y fortalecer el tejido cultural de la regi\u00f3n. \u00a1Estamos ansiosos por colaborar y ser parte de eventos que enriquezcan a\u00fan m\u00e1s nuestro vibrante espacio cultural!<\/p>\n","protected":false},"author":1,"featured_media":0,"parent":0,"menu_order":0,"comment_status":"closed","ping_status":"closed","template":"","meta":{"_acf_changed":false,"footnotes":""},"class_list":["post-51","page","type-page","status-publish","hentry"],"acf":[],"_links":{"self":[{"href":"https:\/\/allende637.mx\/index.php?rest_route=\/wp\/v2\/pages\/51","targetHints":{"allow":["GET"]}}],"collection":[{"href":"https:\/\/allende637.mx\/index.php?rest_route=\/wp\/v2\/pages"}],"about":[{"href":"https:\/\/allende637.mx\/index.php?rest_route=\/wp\/v2\/types\/page"}],"author":[{"embeddable":true,"href":"https:\/\/allende637.mx\/index.php?rest_route=\/wp\/v2\/users\/1"}],"replies":[{"embeddable":true,"href":"https:\/\/allende637.mx\/index.php?rest_route=%2Fwp%2Fv2%2Fcomments&post=51"}],"version-history":[{"count":27,"href":"https:\/\/allende637.mx\/index.php?rest_route=\/wp\/v2\/pages\/51\/revisions"}],"predecessor-version":[{"id":2274,"href":"https:\/\/allende637.mx\/index.php?rest_route=\/wp\/v2\/pages\/51\/revisions\/2274"}],"wp:attachment":[{"href":"https:\/\/allende637.mx\/index.php?rest_route=%2Fwp%2Fv2%2Fmedia&parent=51"}],"curies":[{"name":"wp","href":"https:\/\/api.w.org\/{rel}","templated":true}]}}