{"id":597,"date":"2022-01-25T20:09:23","date_gmt":"2022-01-26T02:09:23","guid":{"rendered":"http:\/\/allende637.mx\/?page_id=597"},"modified":"2024-06-13T13:47:21","modified_gmt":"2024-06-13T19:47:21","slug":"politica-de-privacidad","status":"publish","type":"page","link":"https:\/\/allende637.mx\/?page_id=597","title":{"rendered":"Pol\u00edtica de Privacidad"},"content":{"rendered":"\n<p><strong>Pol\u00edtica de Privacidad &#8211; Centro Cultural Allende 637<\/strong><\/p>\n\n\n\n<p><strong>Qui\u00e9nes somos:<\/strong> El Centro Cultural Allende 637 se encuentra ubicado en la calle Allende, n\u00famero 637, en el Centro Hist\u00f3rico de la ciudad de Morelia, Michoac\u00e1n. Nuestra direcci\u00f3n web es <a href=\"http:\/\/allende637.mx\/\">http:\/\/allende637.mx<\/a> y nuestro correo electr\u00f3nico es <a>contacto@allende637.mx<\/a>.<\/p>\n\n\n\n<p><strong>Aviso de Privacidad:<\/strong> En cumplimiento con la Ley Federal de Protecci\u00f3n de Datos Personales en Posesi\u00f3n de los Particulares y su Reglamento, presentamos este Aviso de Privacidad.<\/p>\n\n\n\n<p><strong>I. CONSENTIMIENTO DEL TITULAR:<\/strong> El Titular manifiesta haber sido informado por el Responsable, haber le\u00eddo, entendido y acordado los t\u00e9rminos del Aviso, otorgando su consentimiento para el tratamiento de sus Datos Personales. En caso de incluir datos patrimoniales o financieros, el consentimiento se obtendr\u00e1 a trav\u00e9s de la firma del contrato correspondiente.<\/p>\n\n\n\n<p>Es responsabilidad del Titular mantener actualizados sus Datos Personales. Allende 637 no ser\u00e1 responsable de la veracidad y exactitud de la informaci\u00f3n proporcionada, asumiendo de buena fe que ha sido proporcionada por el leg\u00edtimo propietario.<\/p>\n\n\n\n<p><strong>II. DATOS PERSONALES RECABADOS:<\/strong> Allende 637 podr\u00e1 recabar datos como nombre completo, tel\u00e9fono, correo electr\u00f3nico, fecha de nacimiento, edad y escolaridad.<\/p>\n\n\n\n<p><strong>III. FINALIDAD DEL TRATAMIENTO DE LOS DATOS PERSONALES:<\/strong> Los Datos Personales se utilizar\u00e1n para actividades relacionadas con obligaciones contractuales, como identificaci\u00f3n del cliente, contacto, facturaci\u00f3n, cobranza y atenci\u00f3n al cliente. Tambi\u00e9n podr\u00e1n utilizarse para env\u00edo de ofertas, mensajes promocionales, encuestas, estad\u00edsticas y estudios de mercado.<\/p>\n\n\n\n<p>El Titular puede oponerse al tratamiento para fines secundarios a trav\u00e9s de los Derechos ARCO.<\/p>\n\n\n\n<p><strong>IV. TRANSFERENCIAS Y\/O REMISIONES DE DATOS:<\/strong> Allende 637 podr\u00e1 transmitir copias electr\u00f3nicas o f\u00edsicas de identificaciones oficiales y documentos necesarios para identificaci\u00f3n y prestaci\u00f3n de servicios. Se realizar\u00e1n transferencias por orden judicial o para cumplir con obligaciones derivadas de relaciones jur\u00eddicas en beneficio del Titular.<\/p>\n\n\n\n<p><strong>V. MEDIOS PARA LIMITAR EL USO O DIVULGACI\u00d3N DE DATOS:<\/strong> Allende 637 resguardar\u00e1 los Datos Personales con medidas de seguridad para prevenir da\u00f1os, p\u00e9rdidas, alteraciones o accesos no autorizados. El Titular puede limitar el uso o divulgaci\u00f3n a trav\u00e9s de los Derechos ARCO.<\/p>\n\n\n\n<p><strong>VI. PROCEDIMIENTO PARA EJERCER LOS DERECHOS ARCO:<\/strong> El Titular puede ejercer sus Derechos ARCO presentando una solicitud que incluya su nombre, domicilio, correo electr\u00f3nico, documentos de identidad y descripci\u00f3n clara de los datos a modificar.<\/p>\n\n\n\n<p><strong>VII. RECOLECCI\u00d3N DE DATOS AL NAVEGAR EN SITIOS Y P\u00c1GINAS WEB:<\/strong> Allende 637 recaba datos a trav\u00e9s de sus sitios web mediante cookies, web beacons y enlaces en correos electr\u00f3nicos para mejorar la experiencia del usuario.<\/p>\n\n\n\n<p><strong>VIII. DERECHO DE REVOCAR SU CONSENTIMIENTO:<\/strong> El Titular puede revocar su consentimiento en cualquier momento presentando una solicitud con nombre, domicilio, correo electr\u00f3nico, documentos de identidad y descripci\u00f3n de los Datos Personales. Allende 637 responder\u00e1 en un plazo de veinte d\u00edas h\u00e1biles.<\/p>\n\n\n\n<p><strong>IX. CAMBIOS AL AVISO:<\/strong> Allende 637 se reserva el derecho de modificar este Aviso, notificando al Titular a trav\u00e9s de correo electr\u00f3nico y\/o publicaci\u00f3n en <a href=\"http:\/\/allende637.mx\/\">http:\/\/allende637.mx<\/a>. El Titular entender\u00e1 que, de no expresar lo contrario, ha aceptado los cambios.<\/p>\n\n\n\n<p>Este Aviso de Privacidad est\u00e1 disponible en todo momento en <a href=\"http:\/\/allende637.mx\/\">http:\/\/allende637.mx<\/a> para consulta del Titular.<\/p>\n","protected":false},"excerpt":{"rendered":"<p>Pol\u00edtica de Privacidad &#8211; Centro Cultural Allende 637 Qui\u00e9nes somos: El Centro Cultural Allende 637 se encuentra ubicado en la calle Allende, n\u00famero 637, en el Centro Hist\u00f3rico de la ciudad de Morelia, Michoac\u00e1n. Nuestra direcci\u00f3n web es http:\/\/allende637.mx y nuestro correo electr\u00f3nico es contacto@allende637.mx. Aviso de Privacidad: En cumplimiento con la Ley Federal de Protecci\u00f3n de Datos Personales en Posesi\u00f3n de los Particulares y su Reglamento, presentamos este Aviso de Privacidad. I. CONSENTIMIENTO DEL TITULAR: El Titular manifiesta haber sido informado por el Responsable, haber le\u00eddo, entendido y acordado los t\u00e9rminos del Aviso, otorgando su consentimiento para el tratamiento de sus Datos Personales. En caso de incluir datos patrimoniales o financieros, el consentimiento se obtendr\u00e1 a trav\u00e9s de la firma del contrato correspondiente. Es responsabilidad del Titular mantener actualizados sus Datos Personales. Allende 637 no ser\u00e1 responsable de la veracidad y exactitud de la informaci\u00f3n proporcionada, asumiendo de buena fe que ha sido proporcionada por el leg\u00edtimo propietario. II. DATOS PERSONALES RECABADOS: Allende 637 podr\u00e1 recabar datos como nombre completo, tel\u00e9fono, correo electr\u00f3nico, fecha de nacimiento, edad y escolaridad. III. FINALIDAD DEL TRATAMIENTO DE LOS DATOS PERSONALES: Los Datos Personales se utilizar\u00e1n para actividades relacionadas con obligaciones contractuales, como identificaci\u00f3n del cliente, contacto, facturaci\u00f3n, cobranza y atenci\u00f3n al cliente. Tambi\u00e9n podr\u00e1n utilizarse para env\u00edo de ofertas, mensajes promocionales, encuestas, estad\u00edsticas y estudios de mercado. El Titular puede oponerse al tratamiento para fines secundarios a trav\u00e9s de los Derechos ARCO. IV. TRANSFERENCIAS Y\/O REMISIONES DE DATOS: Allende 637 podr\u00e1 transmitir copias electr\u00f3nicas o f\u00edsicas de identificaciones oficiales y documentos necesarios para identificaci\u00f3n y prestaci\u00f3n de servicios. Se realizar\u00e1n transferencias por orden judicial o para cumplir con obligaciones derivadas de relaciones jur\u00eddicas en beneficio del Titular. V. MEDIOS PARA LIMITAR EL USO O DIVULGACI\u00d3N DE DATOS: Allende 637 resguardar\u00e1 los Datos Personales con medidas de seguridad para prevenir da\u00f1os, p\u00e9rdidas, alteraciones o accesos no autorizados. El Titular puede limitar el uso o divulgaci\u00f3n a trav\u00e9s de los Derechos ARCO. VI. PROCEDIMIENTO PARA EJERCER LOS DERECHOS ARCO: El Titular puede ejercer sus Derechos ARCO presentando una solicitud que incluya su nombre, domicilio, correo electr\u00f3nico, documentos de identidad y descripci\u00f3n clara de los datos a modificar. VII. RECOLECCI\u00d3N DE DATOS AL NAVEGAR EN SITIOS Y P\u00c1GINAS WEB: Allende 637 recaba datos a trav\u00e9s de sus sitios web mediante cookies, web beacons y enlaces en correos electr\u00f3nicos para mejorar la experiencia del usuario. VIII. DERECHO DE REVOCAR SU CONSENTIMIENTO: El Titular puede revocar su consentimiento en cualquier momento presentando una solicitud con nombre, domicilio, correo electr\u00f3nico, documentos de identidad y descripci\u00f3n de los Datos Personales. Allende 637 responder\u00e1 en un plazo de veinte d\u00edas h\u00e1biles. IX. CAMBIOS AL AVISO: Allende 637 se reserva el derecho de modificar este Aviso, notificando al Titular a trav\u00e9s de correo electr\u00f3nico y\/o publicaci\u00f3n en http:\/\/allende637.mx. El Titular entender\u00e1 que, de no expresar lo contrario, ha aceptado los cambios. Este Aviso de Privacidad est\u00e1 disponible en todo momento en http:\/\/allende637.mx para consulta del Titular.<\/p>\n","protected":false},"author":1,"featured_media":0,"parent":0,"menu_order":0,"comment_status":"closed","ping_status":"closed","template":"","meta":{"_acf_changed":false,"footnotes":""},"class_list":["post-597","page","type-page","status-publish","hentry"],"acf":[],"_links":{"self":[{"href":"https:\/\/allende637.mx\/index.php?rest_route=\/wp\/v2\/pages\/597","targetHints":{"allow":["GET"]}}],"collection":[{"href":"https:\/\/allende637.mx\/index.php?rest_route=\/wp\/v2\/pages"}],"about":[{"href":"https:\/\/allende637.mx\/index.php?rest_route=\/wp\/v2\/types\/page"}],"author":[{"embeddable":true,"href":"https:\/\/allende637.mx\/index.php?rest_route=\/wp\/v2\/users\/1"}],"replies":[{"embeddable":true,"href":"https:\/\/allende637.mx\/index.php?rest_route=%2Fwp%2Fv2%2Fcomments&post=597"}],"version-history":[{"count":4,"href":"https:\/\/allende637.mx\/index.php?rest_route=\/wp\/v2\/pages\/597\/revisions"}],"predecessor-version":[{"id":2229,"href":"https:\/\/allende637.mx\/index.php?rest_route=\/wp\/v2\/pages\/597\/revisions\/2229"}],"wp:attachment":[{"href":"https:\/\/allende637.mx\/index.php?rest_route=%2Fwp%2Fv2%2Fmedia&parent=597"}],"curies":[{"name":"wp","href":"https:\/\/api.w.org\/{rel}","templated":true}]}}