{"id":786,"date":"2022-05-19T11:55:34","date_gmt":"2022-05-19T16:55:34","guid":{"rendered":"http:\/\/allende637.mx\/?page_id=786"},"modified":"2022-11-09T13:49:10","modified_gmt":"2022-11-09T19:49:10","slug":"exposiciones","status":"publish","type":"page","link":"https:\/\/allende637.mx\/?page_id=786","title":{"rendered":"Exposiciones"},"content":{"rendered":"\n<div style=\"height:49px\" aria-hidden=\"true\" class=\"wp-block-spacer\"><\/div>\n\n\n\n<p><strong> Septiembre de 2022 &#8211; enero de 2023<\/strong><\/p>\n\n\n\n<div style=\"height:28px\" aria-hidden=\"true\" class=\"wp-block-spacer\"><\/div>\n\n\n\n<p><\/p>\n\n\n\n<div style=\"height:28px\" aria-hidden=\"true\" class=\"wp-block-spacer\"><\/div>\n\n\n\n<div class=\"wp-block-columns is-layout-flex wp-container-core-columns-is-layout-28f84493 wp-block-columns-is-layout-flex\">\n<div class=\"wp-block-column is-layout-flow wp-block-column-is-layout-flow\">\n<figure class=\"wp-block-image size-large\"><img loading=\"lazy\" decoding=\"async\" width=\"857\" height=\"1024\" src=\"https:\/\/allende637.mx\/wp-content\/uploads\/2022\/10\/WhatsApp-Image-2022-10-09-at-10.39.26-857x1024.jpeg\" alt=\"\" class=\"wp-image-1379\" srcset=\"https:\/\/allende637.mx\/wp-content\/uploads\/2022\/10\/WhatsApp-Image-2022-10-09-at-10.39.26-857x1024.jpeg 857w, https:\/\/allende637.mx\/wp-content\/uploads\/2022\/10\/WhatsApp-Image-2022-10-09-at-10.39.26-251x300.jpeg 251w, https:\/\/allende637.mx\/wp-content\/uploads\/2022\/10\/WhatsApp-Image-2022-10-09-at-10.39.26-768x918.jpeg 768w, https:\/\/allende637.mx\/wp-content\/uploads\/2022\/10\/WhatsApp-Image-2022-10-09-at-10.39.26.jpeg 1071w\" sizes=\"auto, (max-width: 857px) 100vw, 857px\" \/><\/figure>\n\n\n\n<p style=\"font-size:14px\"><\/p>\n<\/div>\n\n\n\n<div class=\"wp-block-column is-layout-flow wp-block-column-is-layout-flow\">\n<div style=\"height:100px\" aria-hidden=\"true\" class=\"wp-block-spacer\"><\/div>\n\n\n\n<p style=\"font-size:14px\"><strong>Theia 0,0,01 \u00b0C<\/strong><br>Carolina Pavia<\/p>\n\n\n\n<figure class=\"wp-block-image size-large\"><img loading=\"lazy\" decoding=\"async\" width=\"1024\" height=\"1022\" src=\"https:\/\/allende637.mx\/wp-content\/uploads\/2022\/10\/WhatsApp-Image-2022-10-09-at-10.39.26-3-1024x1022.jpeg\" alt=\"\" class=\"wp-image-1380\" srcset=\"https:\/\/allende637.mx\/wp-content\/uploads\/2022\/10\/WhatsApp-Image-2022-10-09-at-10.39.26-3-1024x1022.jpeg 1024w, https:\/\/allende637.mx\/wp-content\/uploads\/2022\/10\/WhatsApp-Image-2022-10-09-at-10.39.26-3-300x300.jpeg 300w, https:\/\/allende637.mx\/wp-content\/uploads\/2022\/10\/WhatsApp-Image-2022-10-09-at-10.39.26-3-150x150.jpeg 150w, https:\/\/allende637.mx\/wp-content\/uploads\/2022\/10\/WhatsApp-Image-2022-10-09-at-10.39.26-3-768x767.jpeg 768w, https:\/\/allende637.mx\/wp-content\/uploads\/2022\/10\/WhatsApp-Image-2022-10-09-at-10.39.26-3-1140x1138.jpeg 1140w, https:\/\/allende637.mx\/wp-content\/uploads\/2022\/10\/WhatsApp-Image-2022-10-09-at-10.39.26-3-75x75.jpeg 75w, https:\/\/allende637.mx\/wp-content\/uploads\/2022\/10\/WhatsApp-Image-2022-10-09-at-10.39.26-3.jpeg 1280w\" sizes=\"auto, (max-width: 1024px) 100vw, 1024px\" \/><\/figure>\n<\/div>\n<\/div>\n\n\n\n<div class=\"wp-block-columns is-layout-flex wp-container-core-columns-is-layout-28f84493 wp-block-columns-is-layout-flex\">\n<div class=\"wp-block-column is-layout-flow wp-block-column-is-layout-flow\">\n<figure class=\"wp-block-image size-large\"><img loading=\"lazy\" decoding=\"async\" width=\"1024\" height=\"1024\" src=\"https:\/\/allende637.mx\/wp-content\/uploads\/2022\/10\/WhatsApp-Image-2022-10-09-at-10.39.26-1-1024x1024.jpeg\" alt=\"\" class=\"wp-image-1381\" srcset=\"https:\/\/allende637.mx\/wp-content\/uploads\/2022\/10\/WhatsApp-Image-2022-10-09-at-10.39.26-1-1024x1024.jpeg 1024w, https:\/\/allende637.mx\/wp-content\/uploads\/2022\/10\/WhatsApp-Image-2022-10-09-at-10.39.26-1-300x300.jpeg 300w, https:\/\/allende637.mx\/wp-content\/uploads\/2022\/10\/WhatsApp-Image-2022-10-09-at-10.39.26-1-150x150.jpeg 150w, https:\/\/allende637.mx\/wp-content\/uploads\/2022\/10\/WhatsApp-Image-2022-10-09-at-10.39.26-1-768x767.jpeg 768w, https:\/\/allende637.mx\/wp-content\/uploads\/2022\/10\/WhatsApp-Image-2022-10-09-at-10.39.26-1-1140x1139.jpeg 1140w, https:\/\/allende637.mx\/wp-content\/uploads\/2022\/10\/WhatsApp-Image-2022-10-09-at-10.39.26-1-75x75.jpeg 75w, https:\/\/allende637.mx\/wp-content\/uploads\/2022\/10\/WhatsApp-Image-2022-10-09-at-10.39.26-1.jpeg 1280w\" sizes=\"auto, (max-width: 1024px) 100vw, 1024px\" \/><\/figure>\n\n\n\n<p style=\"font-size:14px\"><strong>Emociones Contenidas<\/strong><br>Jorge Ortega<\/p>\n\n\n\n<p><\/p>\n\n\n\n<div style=\"height:127px\" aria-hidden=\"true\" class=\"wp-block-spacer\"><\/div>\n\n\n\n<figure class=\"wp-block-image size-large\"><img loading=\"lazy\" decoding=\"async\" width=\"1024\" height=\"1024\" src=\"https:\/\/allende637.mx\/wp-content\/uploads\/2022\/11\/WhatsApp-Image-2022-10-26-at-08.23.10-1024x1024.jpeg\" alt=\"\" class=\"wp-image-1454\" srcset=\"https:\/\/allende637.mx\/wp-content\/uploads\/2022\/11\/WhatsApp-Image-2022-10-26-at-08.23.10-1024x1024.jpeg 1024w, https:\/\/allende637.mx\/wp-content\/uploads\/2022\/11\/WhatsApp-Image-2022-10-26-at-08.23.10-300x300.jpeg 300w, https:\/\/allende637.mx\/wp-content\/uploads\/2022\/11\/WhatsApp-Image-2022-10-26-at-08.23.10-150x150.jpeg 150w, https:\/\/allende637.mx\/wp-content\/uploads\/2022\/11\/WhatsApp-Image-2022-10-26-at-08.23.10-768x768.jpeg 768w, https:\/\/allende637.mx\/wp-content\/uploads\/2022\/11\/WhatsApp-Image-2022-10-26-at-08.23.10-1140x1140.jpeg 1140w, https:\/\/allende637.mx\/wp-content\/uploads\/2022\/11\/WhatsApp-Image-2022-10-26-at-08.23.10-75x75.jpeg 75w, https:\/\/allende637.mx\/wp-content\/uploads\/2022\/11\/WhatsApp-Image-2022-10-26-at-08.23.10.jpeg 1280w\" sizes=\"auto, (max-width: 1024px) 100vw, 1024px\" \/><\/figure>\n\n\n\n<p style=\"font-size:14px\"><strong>Dualidades<\/strong><br>Elva Ruiz Cubillo<\/p>\n<\/div>\n\n\n\n<div class=\"wp-block-column is-layout-flow wp-block-column-is-layout-flow\">\n<div style=\"height:100px\" aria-hidden=\"true\" class=\"wp-block-spacer\"><\/div>\n\n\n\n<p style=\"font-size:14px\"><strong>Tratado de las Cosas que Cuelgan<\/strong><br>Salvador Jacobo<\/p>\n\n\n\n<figure class=\"wp-block-image size-large\"><img loading=\"lazy\" decoding=\"async\" width=\"1024\" height=\"1024\" src=\"https:\/\/allende637.mx\/wp-content\/uploads\/2022\/10\/WhatsApp-Image-2022-10-09-at-10.39.26-2-1-1024x1024.jpeg\" alt=\"\" class=\"wp-image-1383\" srcset=\"https:\/\/allende637.mx\/wp-content\/uploads\/2022\/10\/WhatsApp-Image-2022-10-09-at-10.39.26-2-1-1024x1024.jpeg 1024w, https:\/\/allende637.mx\/wp-content\/uploads\/2022\/10\/WhatsApp-Image-2022-10-09-at-10.39.26-2-1-300x300.jpeg 300w, https:\/\/allende637.mx\/wp-content\/uploads\/2022\/10\/WhatsApp-Image-2022-10-09-at-10.39.26-2-1-150x150.jpeg 150w, https:\/\/allende637.mx\/wp-content\/uploads\/2022\/10\/WhatsApp-Image-2022-10-09-at-10.39.26-2-1-768x767.jpeg 768w, https:\/\/allende637.mx\/wp-content\/uploads\/2022\/10\/WhatsApp-Image-2022-10-09-at-10.39.26-2-1-1140x1139.jpeg 1140w, https:\/\/allende637.mx\/wp-content\/uploads\/2022\/10\/WhatsApp-Image-2022-10-09-at-10.39.26-2-1-75x75.jpeg 75w, https:\/\/allende637.mx\/wp-content\/uploads\/2022\/10\/WhatsApp-Image-2022-10-09-at-10.39.26-2-1.jpeg 1280w\" sizes=\"auto, (max-width: 1024px) 100vw, 1024px\" \/><\/figure>\n\n\n\n<div style=\"height:149px\" aria-hidden=\"true\" class=\"wp-block-spacer\"><\/div>\n\n\n\n<p style=\"font-size:14px\"><strong>Colores en que Habitamos<\/strong><br>Muestra Fotogr\u00e1fica de Mariana Yampolsky<\/p>\n\n\n\n<figure class=\"wp-block-image size-large\"><img loading=\"lazy\" decoding=\"async\" width=\"982\" height=\"1024\" src=\"https:\/\/allende637.mx\/wp-content\/uploads\/2022\/11\/WhatsApp-Image-2022-10-24-at-18.32.54-982x1024.jpeg\" alt=\"\" class=\"wp-image-1455\" srcset=\"https:\/\/allende637.mx\/wp-content\/uploads\/2022\/11\/WhatsApp-Image-2022-10-24-at-18.32.54-982x1024.jpeg 982w, https:\/\/allende637.mx\/wp-content\/uploads\/2022\/11\/WhatsApp-Image-2022-10-24-at-18.32.54-288x300.jpeg 288w, https:\/\/allende637.mx\/wp-content\/uploads\/2022\/11\/WhatsApp-Image-2022-10-24-at-18.32.54-768x801.jpeg 768w, https:\/\/allende637.mx\/wp-content\/uploads\/2022\/11\/WhatsApp-Image-2022-10-24-at-18.32.54-1140x1188.jpeg 1140w, https:\/\/allende637.mx\/wp-content\/uploads\/2022\/11\/WhatsApp-Image-2022-10-24-at-18.32.54.jpeg 1228w\" sizes=\"auto, (max-width: 982px) 100vw, 982px\" \/><\/figure>\n<\/div>\n<\/div>\n\n\n\n<div class=\"wp-block-columns is-layout-flex wp-container-core-columns-is-layout-28f84493 wp-block-columns-is-layout-flex\">\n<div class=\"wp-block-column is-layout-flow wp-block-column-is-layout-flow\">\n<p style=\"font-size:14px\"><\/p>\n<\/div>\n\n\n\n<div class=\"wp-block-column is-layout-flow wp-block-column-is-layout-flow\">\n<div style=\"height:100px\" aria-hidden=\"true\" class=\"wp-block-spacer\"><\/div>\n\n\n\n<p style=\"font-size:14px\"><\/p>\n<\/div>\n<\/div>\n\n\n\n<p><strong>Del 14 de mayo al 15 de agosto de 2022<\/strong><\/p>\n\n\n\n<div style=\"height:28px\" aria-hidden=\"true\" class=\"wp-block-spacer\"><\/div>\n\n\n\n<p><\/p>\n\n\n\n<p><\/p>\n\n\n\n<ul class=\"wp-block-list\">\n<li><img loading=\"lazy\" decoding=\"async\" height=\"16\" width=\"16\" src=\"https:\/\/static.xx.fbcdn.net\/images\/emoji.php\/v9\/ta7\/1.5\/16\/1f5bc.png\" alt=\"\ud83d\uddbc\ufe0f\"> De Durero a Dal\u00ed. 5 siglos de Grabado. (Sala 1)<\/li>\n\n\n\n<li><img loading=\"lazy\" decoding=\"async\" height=\"16\" width=\"16\" src=\"https:\/\/static.xx.fbcdn.net\/images\/emoji.php\/v9\/t88\/1.5\/16\/1f315.png\" alt=\"\ud83c\udf15\"> Rolando Calder\u00f3n. Danza lunar. (Galer\u00eda Vertical)<\/li>\n\n\n\n<li><img loading=\"lazy\" decoding=\"async\" height=\"16\" width=\"16\" src=\"https:\/\/static.xx.fbcdn.net\/images\/emoji.php\/v9\/tdb\/1.5\/16\/1f3a8.png\" alt=\"\ud83c\udfa8\"> Mat\u00edas \u00c1lvarez. Latidos de Caos. (Mezzanine)<\/li>\n\n\n\n<li><img loading=\"lazy\" decoding=\"async\" height=\"16\" width=\"16\" src=\"https:\/\/static.xx.fbcdn.net\/images\/emoji.php\/v9\/t14\/1.5\/16\/1f4a0.png\" alt=\"\ud83d\udca0\"> Sebastian en Morelia. (Patio principal)<\/li>\n\n\n\n<li><img loading=\"lazy\" decoding=\"async\" height=\"16\" width=\"16\" src=\"https:\/\/static.xx.fbcdn.net\/images\/emoji.php\/v9\/t2a\/1.5\/16\/3030.png\" alt=\"\u3030\ufe0f\"> Julian Guerrero. Vestigios (Sala 2)<\/li>\n<\/ul>\n\n\n\n<div style=\"height:28px\" aria-hidden=\"true\" class=\"wp-block-spacer\"><\/div>\n\n\n\n<div class=\"wp-block-columns is-layout-flex wp-container-core-columns-is-layout-28f84493 wp-block-columns-is-layout-flex\">\n<div class=\"wp-block-column is-layout-flow wp-block-column-is-layout-flow\">\n<figure class=\"wp-block-image size-large\"><img loading=\"lazy\" decoding=\"async\" width=\"1022\" height=\"1024\" src=\"http:\/\/allende637.mx\/wp-content\/uploads\/2022\/05\/Sebastian-1022x1024.jpeg\" alt=\"\" class=\"wp-image-792\" srcset=\"https:\/\/allende637.mx\/wp-content\/uploads\/2022\/05\/Sebastian-1022x1024.jpeg 1022w, https:\/\/allende637.mx\/wp-content\/uploads\/2022\/05\/Sebastian-300x300.jpeg 300w, https:\/\/allende637.mx\/wp-content\/uploads\/2022\/05\/Sebastian-150x150.jpeg 150w, https:\/\/allende637.mx\/wp-content\/uploads\/2022\/05\/Sebastian-768x769.jpeg 768w, https:\/\/allende637.mx\/wp-content\/uploads\/2022\/05\/Sebastian-1140x1142.jpeg 1140w, https:\/\/allende637.mx\/wp-content\/uploads\/2022\/05\/Sebastian-75x75.jpeg 75w, https:\/\/allende637.mx\/wp-content\/uploads\/2022\/05\/Sebastian.jpeg 1278w\" sizes=\"auto, (max-width: 1022px) 100vw, 1022px\" \/><\/figure>\n\n\n\n<p style=\"font-size:14px\"><strong>Sebastian en Morelia<\/strong><br>Escultor Sebastian<\/p>\n<\/div>\n\n\n\n<div class=\"wp-block-column is-layout-flow wp-block-column-is-layout-flow\">\n<div style=\"height:100px\" aria-hidden=\"true\" class=\"wp-block-spacer\"><\/div>\n\n\n\n<p style=\"font-size:14px\"><strong>Latidos de Caos<\/strong><br>Mat\u00edas \u00c1lvarez<\/p>\n\n\n\n<figure class=\"wp-block-image size-large\"><img loading=\"lazy\" decoding=\"async\" width=\"1024\" height=\"1024\" src=\"http:\/\/allende637.mx\/wp-content\/uploads\/2022\/05\/Matias-Alvarez-1024x1024.jpeg\" alt=\"\" class=\"wp-image-790\" srcset=\"https:\/\/allende637.mx\/wp-content\/uploads\/2022\/05\/Matias-Alvarez-1024x1024.jpeg 1024w, https:\/\/allende637.mx\/wp-content\/uploads\/2022\/05\/Matias-Alvarez-300x300.jpeg 300w, https:\/\/allende637.mx\/wp-content\/uploads\/2022\/05\/Matias-Alvarez-150x150.jpeg 150w, https:\/\/allende637.mx\/wp-content\/uploads\/2022\/05\/Matias-Alvarez-768x768.jpeg 768w, https:\/\/allende637.mx\/wp-content\/uploads\/2022\/05\/Matias-Alvarez-1140x1140.jpeg 1140w, https:\/\/allende637.mx\/wp-content\/uploads\/2022\/05\/Matias-Alvarez-75x75.jpeg 75w, https:\/\/allende637.mx\/wp-content\/uploads\/2022\/05\/Matias-Alvarez.jpeg 1280w\" sizes=\"auto, (max-width: 1024px) 100vw, 1024px\" \/><\/figure>\n<\/div>\n<\/div>\n\n\n\n<div class=\"wp-block-columns is-layout-flex wp-container-core-columns-is-layout-28f84493 wp-block-columns-is-layout-flex\">\n<div class=\"wp-block-column is-layout-flow wp-block-column-is-layout-flow\">\n<figure class=\"wp-block-image size-large\"><img loading=\"lazy\" decoding=\"async\" width=\"841\" height=\"1024\" src=\"http:\/\/allende637.mx\/wp-content\/uploads\/2022\/05\/Grabado-841x1024.jpeg\" alt=\"\" class=\"wp-image-788\" srcset=\"https:\/\/allende637.mx\/wp-content\/uploads\/2022\/05\/Grabado-841x1024.jpeg 841w, https:\/\/allende637.mx\/wp-content\/uploads\/2022\/05\/Grabado-246x300.jpeg 246w, https:\/\/allende637.mx\/wp-content\/uploads\/2022\/05\/Grabado-768x935.jpeg 768w, https:\/\/allende637.mx\/wp-content\/uploads\/2022\/05\/Grabado.jpeg 1051w\" sizes=\"auto, (max-width: 841px) 100vw, 841px\" \/><\/figure>\n\n\n\n<p style=\"font-size:14px\"><strong>5 Siglos de Grabado<\/strong><br>De Durero a Dal\u00ed<\/p>\n<\/div>\n\n\n\n<div class=\"wp-block-column is-layout-flow wp-block-column-is-layout-flow\">\n<div style=\"height:100px\" aria-hidden=\"true\" class=\"wp-block-spacer\"><\/div>\n\n\n\n<p style=\"font-size:14px\"><strong>Danza Lunar<\/strong><br>Rolando Calder\u00f3n<\/p>\n\n\n\n<figure class=\"wp-block-image size-large\"><img loading=\"lazy\" decoding=\"async\" width=\"1024\" height=\"1022\" src=\"http:\/\/allende637.mx\/wp-content\/uploads\/2022\/05\/Danza-lunar-1024x1022.jpeg\" alt=\"\" class=\"wp-image-789\" srcset=\"https:\/\/allende637.mx\/wp-content\/uploads\/2022\/05\/Danza-lunar-1024x1022.jpeg 1024w, https:\/\/allende637.mx\/wp-content\/uploads\/2022\/05\/Danza-lunar-300x300.jpeg 300w, https:\/\/allende637.mx\/wp-content\/uploads\/2022\/05\/Danza-lunar-150x150.jpeg 150w, https:\/\/allende637.mx\/wp-content\/uploads\/2022\/05\/Danza-lunar-768x767.jpeg 768w, https:\/\/allende637.mx\/wp-content\/uploads\/2022\/05\/Danza-lunar-1140x1138.jpeg 1140w, https:\/\/allende637.mx\/wp-content\/uploads\/2022\/05\/Danza-lunar-75x75.jpeg 75w, https:\/\/allende637.mx\/wp-content\/uploads\/2022\/05\/Danza-lunar.jpeg 1280w\" sizes=\"auto, (max-width: 1024px) 100vw, 1024px\" \/><\/figure>\n<\/div>\n<\/div>\n\n\n\n<div class=\"wp-block-columns is-layout-flex wp-container-core-columns-is-layout-28f84493 wp-block-columns-is-layout-flex\">\n<div class=\"wp-block-column is-layout-flow wp-block-column-is-layout-flow\">\n<figure class=\"wp-block-image size-large\"><img loading=\"lazy\" decoding=\"async\" width=\"1024\" height=\"1022\" src=\"http:\/\/allende637.mx\/wp-content\/uploads\/2022\/05\/Julian-Guerrero-1024x1022.jpeg\" alt=\"\" class=\"wp-image-791\" srcset=\"https:\/\/allende637.mx\/wp-content\/uploads\/2022\/05\/Julian-Guerrero-1024x1022.jpeg 1024w, https:\/\/allende637.mx\/wp-content\/uploads\/2022\/05\/Julian-Guerrero-300x300.jpeg 300w, https:\/\/allende637.mx\/wp-content\/uploads\/2022\/05\/Julian-Guerrero-150x150.jpeg 150w, https:\/\/allende637.mx\/wp-content\/uploads\/2022\/05\/Julian-Guerrero-768x767.jpeg 768w, https:\/\/allende637.mx\/wp-content\/uploads\/2022\/05\/Julian-Guerrero-1140x1138.jpeg 1140w, https:\/\/allende637.mx\/wp-content\/uploads\/2022\/05\/Julian-Guerrero-75x75.jpeg 75w, https:\/\/allende637.mx\/wp-content\/uploads\/2022\/05\/Julian-Guerrero.jpeg 1280w\" sizes=\"auto, (max-width: 1024px) 100vw, 1024px\" \/><\/figure>\n\n\n\n<p style=\"font-size:14px\"><strong>Vestigios<\/strong><br>Juli\u00e1n Guerrero<\/p>\n<\/div>\n\n\n\n<div class=\"wp-block-column is-layout-flow wp-block-column-is-layout-flow\">\n<div style=\"height:100px\" aria-hidden=\"true\" class=\"wp-block-spacer\"><\/div>\n\n\n\n<p style=\"font-size:14px\"><\/p>\n<\/div>\n<\/div>\n","protected":false},"excerpt":{"rendered":"<p>Septiembre de 2022 &#8211; enero de 2023 Theia 0,0,01 \u00b0CCarolina Pavia Emociones ContenidasJorge Ortega DualidadesElva Ruiz Cubillo Tratado de las Cosas que CuelganSalvador Jacobo Colores en que HabitamosMuestra Fotogr\u00e1fica de Mariana Yampolsky Del 14 de mayo al 15 de agosto de 2022 Sebastian en MoreliaEscultor Sebastian Latidos de CaosMat\u00edas \u00c1lvarez 5 Siglos de GrabadoDe Durero a Dal\u00ed Danza LunarRolando Calder\u00f3n VestigiosJuli\u00e1n Guerrero<\/p>\n","protected":false},"author":1,"featured_media":0,"parent":744,"menu_order":0,"comment_status":"closed","ping_status":"closed","template":"","meta":{"_acf_changed":false,"footnotes":""},"class_list":["post-786","page","type-page","status-publish","hentry"],"acf":[],"_links":{"self":[{"href":"https:\/\/allende637.mx\/index.php?rest_route=\/wp\/v2\/pages\/786","targetHints":{"allow":["GET"]}}],"collection":[{"href":"https:\/\/allende637.mx\/index.php?rest_route=\/wp\/v2\/pages"}],"about":[{"href":"https:\/\/allende637.mx\/index.php?rest_route=\/wp\/v2\/types\/page"}],"author":[{"embeddable":true,"href":"https:\/\/allende637.mx\/index.php?rest_route=\/wp\/v2\/users\/1"}],"replies":[{"embeddable":true,"href":"https:\/\/allende637.mx\/index.php?rest_route=%2Fwp%2Fv2%2Fcomments&post=786"}],"version-history":[{"count":9,"href":"https:\/\/allende637.mx\/index.php?rest_route=\/wp\/v2\/pages\/786\/revisions"}],"predecessor-version":[{"id":1456,"href":"https:\/\/allende637.mx\/index.php?rest_route=\/wp\/v2\/pages\/786\/revisions\/1456"}],"up":[{"embeddable":true,"href":"https:\/\/allende637.mx\/index.php?rest_route=\/wp\/v2\/pages\/744"}],"wp:attachment":[{"href":"https:\/\/allende637.mx\/index.php?rest_route=%2Fwp%2Fv2%2Fmedia&parent=786"}],"curies":[{"name":"wp","href":"https:\/\/api.w.org\/{rel}","templated":true}]}}